{"id":32,"date":"2023-10-02T01:54:45","date_gmt":"2023-10-02T01:54:45","guid":{"rendered":"https:\/\/themeholy.com\/wordpress\/poolax\/?page_id=32"},"modified":"2024-04-02T11:32:05","modified_gmt":"2024-04-02T08:32:05","slug":"hizmetlerimiz","status":"publish","type":"page","link":"https:\/\/wecleancyprus.com\/index.php\/hizmetlerimiz\/","title":{"rendered":"Hizmetlerimiz"},"content":{"rendered":"\t\t<div data-elementor-type=\"wp-page\" data-elementor-id=\"32\" class=\"elementor elementor-32\">\n\t\t\t\t<div class=\"elementor-element elementor-element-ef07268 e-flex e-con-boxed e-con e-parent\" data-id=\"ef07268\" data-element_type=\"container\" data-settings=\"{&quot;background_background&quot;:&quot;classic&quot;}\">\n\t\t\t\t\t<div class=\"e-con-inner\">\n\t\t<div class=\"elementor-element elementor-element-8cf7abc e-flex e-con-boxed e-con e-child\" data-id=\"8cf7abc\" data-element_type=\"container\" data-settings=\"{&quot;background_background&quot;:&quot;classic&quot;}\">\n\t\t\t\t\t<div class=\"e-con-inner\">\n\t\t\r\n\t\t<div class=\"elementor-element elementor-element-f2d2d60 elementor-widget elementor-widget-poolaxservice\" data-id=\"f2d2d60\" data-element_type=\"widget\" data-widget_type=\"poolaxservice.default\">\n\t\t\t\t<div class=\"elementor-widget-container\">\n\t\t\t\t\t<div class=\"row gy-4\"><div class=\"col-md-6 col-lg-6\"><div class=\"service-box style2 wow fadeInUp\" data-bg-src=\"https:\/\/themeholy.com\/wordpress\/poolax\/wp-content\/uploads\/2023\/10\/service_shape.png\"><div class=\"service-box_img global-img\"><img decoding=\"async\" src=\"http:\/\/wecleancyprus.com\/wp-content\/uploads\/2024\/02\/professional-cleaning-service-person-using-vacuum-cleaner-office-scaled.jpg\" alt=\"professional cleaning service person using vacuum cleaner office scaled\"  \/><\/div><div class=\"service-box_content\"><div class=\"service-box_icon\"><img decoding=\"async\" src=\"https:\/\/themeholy.com\/wordpress\/poolax\/wp-content\/uploads\/2023\/10\/service_1_2.svg\" alt=\"service_1_2\"  \/><\/div><h3 class=\"box-title th-title\"><a href=\"https:\/\/wecleancyprus.com\/index.php\/iletisim\/\">Ofis Temizli\u011fi<\/a><\/h3><p class=\"service-box_text th-desc\">Ofisinizin veya i\u015f yerinizin detayl\u0131ca temizlenmesini i\u00e7eren hizmet paketimizdir.<\/p><a href=\"https:\/\/wecleancyprus.com\/index.php\/iletisim\/\" class=\"th-btn th_btn border\">Detayl\u0131 Bilgi<\/a><\/div><\/div><\/div><div class=\"col-md-6 col-lg-6\"><div class=\"service-box style2 wow fadeInUp\" data-bg-src=\"https:\/\/themeholy.com\/wordpress\/poolax\/wp-content\/uploads\/2023\/10\/service_shape.png\"><div class=\"service-box_img global-img\"><img decoding=\"async\" src=\"http:\/\/wecleancyprus.com\/wp-content\/uploads\/2024\/02\/professional-cleaning-service-people-working-together-office-2-min-scaled.jpg\" alt=\"professional cleaning service people working together office 2 min scaled\"  \/><\/div><div class=\"service-box_content\"><div class=\"service-box_icon\"><img decoding=\"async\" src=\"https:\/\/themeholy.com\/wordpress\/poolax\/wp-content\/uploads\/2023\/10\/service_1_1.svg\" alt=\"service_1_1\"  \/><\/div><h3 class=\"box-title th-title\"><a href=\"https:\/\/wecleancyprus.com\/index.php\/iletisim\/\">Ev Temizli\u011fi<\/a><\/h3><p class=\"service-box_text th-desc\">Evinizin detayl\u0131ca temizlenmesini i\u00e7eren hizmet paketimizdir.<\/p><a href=\"https:\/\/wecleancyprus.com\/index.php\/iletisim\/\" class=\"th-btn th_btn border\">Detayl\u0131 Bilgi<\/a><\/div><\/div><\/div><div class=\"col-md-6 col-lg-6\"><div class=\"service-box style2 wow fadeInUp\" data-bg-src=\"https:\/\/themeholy.com\/wordpress\/poolax\/wp-content\/uploads\/2023\/10\/service_shape.png\"><div class=\"service-box_img global-img\"><img decoding=\"async\" src=\"http:\/\/wecleancyprus.com\/wp-content\/uploads\/2024\/02\/medium-shot-people-cleaning-building-min-scaled.jpg\" alt=\"medium shot people cleaning building min scaled\"  \/><\/div><div class=\"service-box_content\"><div class=\"service-box_icon\"><img decoding=\"async\" src=\"https:\/\/themeholy.com\/wordpress\/poolax\/wp-content\/uploads\/2023\/10\/service_1_5.svg\" alt=\"service_1_5\"  \/><\/div><h3 class=\"box-title th-title\"><a href=\"https:\/\/wecleancyprus.com\/index.php\/iletisim\/\">\u0130n\u015faat Sonras\u0131 Temizlik<\/a><\/h3><p class=\"service-box_text th-desc\">\u0130n\u015faat\u0131n\u0131z tamamland\u0131ktan sonra k\u00f6kl\u00fc ve detayl\u0131 temizlik hizmetidir.<\/p><a href=\"https:\/\/wecleancyprus.com\/index.php\/iletisim\/\" class=\"th-btn th_btn border\">Detayl\u0131 Bilgi<\/a><\/div><\/div><\/div><div class=\"col-md-6 col-lg-6\"><div class=\"service-box style2 wow fadeInUp\" data-bg-src=\"https:\/\/themeholy.com\/wordpress\/poolax\/wp-content\/uploads\/2023\/10\/service_shape.png\"><div class=\"service-box_img global-img\"><img decoding=\"async\" src=\"http:\/\/wecleancyprus.com\/wp-content\/uploads\/2024\/02\/zemin-cilalama-firmasi-1.jpg\" alt=\"zemin cilalama firmasi 1\"  \/><\/div><div class=\"service-box_content\"><div class=\"service-box_icon\"><img decoding=\"async\" src=\"http:\/\/wecleancyprus.com\/wp-content\/uploads\/2023\/10\/process_2_2.svg\" alt=\"process_2_2\"  \/><\/div><h3 class=\"box-title th-title\"><a href=\"https:\/\/wecleancyprus.com\/index.php\/iletisim\/\">Yer Cilalanmas\u0131<\/a><\/h3><p class=\"service-box_text th-desc\">Yer d\u00f6\u015feme &amp; mermerlerinizi ilk g\u00fcnk\u00fc haline d\u00f6nd\u00fcr\u00fcn<\/p><a href=\"https:\/\/wecleancyprus.com\/index.php\/iletisim\/\" class=\"th-btn th_btn border\">Detayl\u0131 Bilgi<\/a><\/div><\/div><\/div><div class=\"col-md-6 col-lg-6\"><div class=\"service-box style2 wow fadeInUp\" data-bg-src=\"https:\/\/themeholy.com\/wordpress\/poolax\/wp-content\/uploads\/2023\/10\/service_shape.png\"><div class=\"service-box_img global-img\"><img decoding=\"async\" src=\"http:\/\/wecleancyprus.com\/wp-content\/uploads\/2024\/02\/Before-and-after-the-depth-sofa-cleaning-by-a-device_.webp\" alt=\"Before and after the depth sofa cleaning by a device_\"  \/><\/div><div class=\"service-box_content\"><div class=\"service-box_icon\"><img decoding=\"async\" src=\"http:\/\/wecleancyprus.com\/wp-content\/uploads\/2023\/10\/process_2_3.svg\" alt=\"process_2_3\"  \/><\/div><h3 class=\"box-title th-title\"><a href=\"https:\/\/wecleancyprus.com\/index.php\/iletisim\/\">Koltuk Y\u0131kama<\/a><\/h3><p class=\"service-box_text th-desc\">Koltuklar\u0131n\u0131z\u0131 kirlerinden ar\u0131nd\u0131r\u0131n<\/p><a href=\"https:\/\/wecleancyprus.com\/index.php\/iletisim\/\" class=\"th-btn th_btn border\">Detayl\u0131 Bilgi<\/a><\/div><\/div><\/div><div class=\"col-md-6 col-lg-6\"><div class=\"service-box style2 wow fadeInUp\" data-bg-src=\"https:\/\/themeholy.com\/wordpress\/poolax\/wp-content\/uploads\/2023\/10\/service_shape.png\"><div class=\"service-box_img global-img\"><img decoding=\"async\" src=\"http:\/\/wecleancyprus.com\/wp-content\/uploads\/2024\/02\/hali-yikama-makinasi-nasil-kullanilir.jpg\" alt=\"hali yikama makinasi nasil kullanilir\"  \/><\/div><div class=\"service-box_content\"><div class=\"service-box_icon\"><img decoding=\"async\" src=\"https:\/\/themeholy.com\/wordpress\/poolax\/wp-content\/uploads\/2023\/10\/service_1_6.svg\" alt=\"service_1_6\"  \/><\/div><h3 class=\"box-title th-title\"><a href=\"https:\/\/wecleancyprus.com\/index.php\/iletisim\/\">Hal\u0131 Y\u0131kama<\/a><\/h3><p class=\"service-box_text th-desc\">Hal\u0131 ve kilimlerinizi ilk g\u00fcnk\u00fc haline d\u00f6nd\u00fcr\u00fcn<\/p><a href=\"https:\/\/wecleancyprus.com\/index.php\/iletisim\/\" class=\"th-btn th_btn border\">Detayl\u0131 Bilgi<\/a><\/div><\/div><\/div><\/div>\t\t\t\t<\/div>\n\t\t\t\t<\/div>\n\t\t\t\t\t<\/div>\n\t\t\t\t<\/div>\n\t\t\t\t\t<\/div>\n\t\t\t\t<\/div>\n\t\t<div class=\"elementor-element elementor-element-4647112 e-flex e-con-boxed e-con e-parent\" data-id=\"4647112\" data-element_type=\"container\" data-settings=\"{&quot;background_background&quot;:&quot;classic&quot;}\">\n\t\t\t\t\t<div class=\"e-con-inner\">\n\t\t<div class=\"elementor-element elementor-element-8a44ee0 e-flex e-con-boxed e-con e-child\" data-id=\"8a44ee0\" data-element_type=\"container\">\n\t\t\t\t\t<div class=\"e-con-inner\">\n\t\t\t\t<div class=\"elementor-element elementor-element-d620803 elementor-widget elementor-widget-poolaxsectiontitle\" data-id=\"d620803\" data-element_type=\"widget\" data-widget_type=\"poolaxsectiontitle.default\">\n\t\t\t\t<div class=\"elementor-widget-container\">\n\t\t\t\t\t\t\t<div class=\"title-area text-center text-xl-start\">\r\n\t\t\t\t\t\t<span class=\"sub-title style1 \">\r\n\t\t\t\t\t\t\t\t\u0130leti\u015fime Ge\u00e7mekten \u00c7ekinmeyin\t\t\t<\/span>\r\n\t\t\t\t\t\t<h2 class=\"sec-title\">Premium temizlik hizmetiniz<\/h2>\t\t<\/div>\r\n\r\n\t\t\t\t\t<\/div>\n\t\t\t\t<\/div>\n\t\t\t\t\t<\/div>\n\t\t\t\t<\/div>\n\t\t<div class=\"elementor-element elementor-element-6774a87 e-flex e-con-boxed e-con e-child\" data-id=\"6774a87\" data-element_type=\"container\">\n\t\t\t\t\t<div class=\"e-con-inner\">\n\t\t\t\t<div class=\"elementor-element elementor-element-c6bc68e elementor-widget elementor-widget-poolaxbutton\" data-id=\"c6bc68e\" data-element_type=\"widget\" data-widget_type=\"poolaxbutton.default\">\n\t\t\t\t<div class=\"elementor-widget-container\">\n\t\t\t\t\t<div class=\"btn-wrapper\"><a class=\"th-btn th_btn style4 radius-none\" href=\"#\">Hizmetlerimiz<\/a><\/div>\t\t\t\t<\/div>\n\t\t\t\t<\/div>\n\t\t\t\t<div class=\"elementor-element elementor-element-a4b4be0 elementor-widget elementor-widget-poolaxbutton\" data-id=\"a4b4be0\" data-element_type=\"widget\" data-widget_type=\"poolaxbutton.default\">\n\t\t\t\t<div class=\"elementor-widget-container\">\n\t\t\t\t\t<div class=\"btn-wrapper\"><a class=\"th-btn th_btn th-border radius-none\" href=\"https:\/\/wecleancyprus.com\/index.php\/iletisim\/\">\u0130leti\u015fim<\/a><\/div>\t\t\t\t<\/div>\n\t\t\t\t<\/div>\n\t\t\t\t\t<\/div>\n\t\t\t\t<\/div>\n\t\t\t\t\t<\/div>\n\t\t\t\t<\/div>\n\t\t<div class=\"elementor-element elementor-element-b58fd05 e-flex e-con-boxed e-con e-parent\" data-id=\"b58fd05\" data-element_type=\"container\">\n\t\t\t\t\t<div class=\"e-con-inner\">\n\t\t\t\t\t<\/div>\n\t\t\t\t<\/div>\n\t\t\t\t<\/div>\n\t\t","protected":false},"excerpt":{"rendered":"<p>Ofis Temizli\u011fi Ofisinizin veya i\u015f yerinizin detayl\u0131ca temizlenmesini i\u00e7eren hizmet paketimizdir. Detayl\u0131 Bilgi Ev Temizli\u011fi Evinizin detayl\u0131ca temizlenmesini i\u00e7eren hizmet paketimizdir. Detayl\u0131 Bilgi \u0130n\u015faat Sonras\u0131 Temizlik \u0130n\u015faat\u0131n\u0131z tamamland\u0131ktan sonra k\u00f6kl\u00fc ve detayl\u0131 temizlik hizmetidir. Detayl\u0131 Bilgi Yer Cilalanmas\u0131 Yer d\u00f6\u015feme &amp; mermerlerinizi ilk g\u00fcnk\u00fc haline d\u00f6nd\u00fcr\u00fcn Detayl\u0131 Bilgi Koltuk Y\u0131kama Koltuklar\u0131n\u0131z\u0131 kirlerinden ar\u0131nd\u0131r\u0131n Detayl\u0131 Bilgi&#8230;<\/p>\n","protected":false},"author":1,"featured_media":0,"parent":0,"menu_order":0,"comment_status":"closed","ping_status":"closed","template":"template-builder.php","meta":{"_monsterinsights_skip_tracking":false,"_monsterinsights_sitenote_active":false,"_monsterinsights_sitenote_note":"","_monsterinsights_sitenote_category":0,"footnotes":"","_joinchat":[],"_links_to":"","_links_to_target":""},"aioseo_notices":[],"_links":{"self":[{"href":"https:\/\/wecleancyprus.com\/index.php\/wp-json\/wp\/v2\/pages\/32"}],"collection":[{"href":"https:\/\/wecleancyprus.com\/index.php\/wp-json\/wp\/v2\/pages"}],"about":[{"href":"https:\/\/wecleancyprus.com\/index.php\/wp-json\/wp\/v2\/types\/page"}],"author":[{"embeddable":true,"href":"https:\/\/wecleancyprus.com\/index.php\/wp-json\/wp\/v2\/users\/1"}],"replies":[{"embeddable":true,"href":"https:\/\/wecleancyprus.com\/index.php\/wp-json\/wp\/v2\/comments?post=32"}],"version-history":[{"count":20,"href":"https:\/\/wecleancyprus.com\/index.php\/wp-json\/wp\/v2\/pages\/32\/revisions"}],"predecessor-version":[{"id":2800,"href":"https:\/\/wecleancyprus.com\/index.php\/wp-json\/wp\/v2\/pages\/32\/revisions\/2800"}],"wp:attachment":[{"href":"https:\/\/wecleancyprus.com\/index.php\/wp-json\/wp\/v2\/media?parent=32"}],"curies":[{"name":"wp","href":"https:\/\/api.w.org\/{rel}","templated":true}]}}